{"id":234,"date":"2020-11-07T22:34:48","date_gmt":"2020-11-08T03:34:48","guid":{"rendered":"http:\/\/techbyte.xyz\/?page_id=234"},"modified":"2020-11-07T22:45:34","modified_gmt":"2020-11-08T03:45:34","slug":"rescate-y-respaldo-de-informacion","status":"publish","type":"page","link":"https:\/\/techbyte.xyz\/index.php\/rescate-y-respaldo-de-informacion\/","title":{"rendered":"Rescate y Respaldo de Informaci\u00f3n"},"content":{"rendered":"\n<p>Perdiste acceso a tu informaci\u00f3n, tu computadora fallo y no puedes accesar a tus documentos, no todo esta perdido.<\/p>\n\n\n\n<p>Ponte en contacto con nosotros y podemos rescatar y respaldar tu informaci\u00f3n de tus discos duros o de tus medios extraibles, por medio de la tecnolog\u00eda recuperaremos tus documentos, fotos, v\u00eddeos, etc y te los entregaremos en un respaldo f\u00edsico en DVD.  <\/p>\n","protected":false},"excerpt":{"rendered":"<p>Perdiste acceso a tu informaci\u00f3n, tu computadora fallo y no puedes accesar a tus documentos, no todo esta perdido. Ponte en contacto con nosotros y&#8230;<\/p>\n","protected":false},"author":1,"featured_media":236,"parent":0,"menu_order":0,"comment_status":"closed","ping_status":"closed","template":"","meta":{"footnotes":""},"_links":{"self":[{"href":"https:\/\/techbyte.xyz\/index.php\/wp-json\/wp\/v2\/pages\/234"}],"collection":[{"href":"https:\/\/techbyte.xyz\/index.php\/wp-json\/wp\/v2\/pages"}],"about":[{"href":"https:\/\/techbyte.xyz\/index.php\/wp-json\/wp\/v2\/types\/page"}],"author":[{"embeddable":true,"href":"https:\/\/techbyte.xyz\/index.php\/wp-json\/wp\/v2\/users\/1"}],"replies":[{"embeddable":true,"href":"https:\/\/techbyte.xyz\/index.php\/wp-json\/wp\/v2\/comments?post=234"}],"version-history":[{"count":2,"href":"https:\/\/techbyte.xyz\/index.php\/wp-json\/wp\/v2\/pages\/234\/revisions"}],"predecessor-version":[{"id":238,"href":"https:\/\/techbyte.xyz\/index.php\/wp-json\/wp\/v2\/pages\/234\/revisions\/238"}],"wp:featuredmedia":[{"embeddable":true,"href":"https:\/\/techbyte.xyz\/index.php\/wp-json\/wp\/v2\/media\/236"}],"wp:attachment":[{"href":"https:\/\/techbyte.xyz\/index.php\/wp-json\/wp\/v2\/media?parent=234"}],"curies":[{"name":"wp","href":"https:\/\/api.w.org\/{rel}","templated":true}]}}