{"id":208,"date":"2020-11-07T20:30:20","date_gmt":"2020-11-08T01:30:20","guid":{"rendered":"http:\/\/techbyte.xyz\/?page_id=208"},"modified":"2021-03-10T14:45:34","modified_gmt":"2021-03-10T19:45:34","slug":"configuracion-estudiantil","status":"publish","type":"page","link":"https:\/\/techbyte.xyz\/index.php\/configuracion-estudiantil\/","title":{"rendered":"Configuraci\u00f3n Estudiantil"},"content":{"rendered":"\n<p>Configuramos su computadora para el uso seguro y adecuado de los estudiantes, la preparamos con todas las herramientas necesarias para efectuar sus tareas diarias, con garant\u00eda de duraci\u00f3n a pesar del uso correcto o incorrecto que los usuarios tengan sobre el equipo. <\/p>\n\n\n\n<p>En el \u00e1mbito profesional o de empresa esta configuraci\u00f3n le asegura el uso continuo y optimo de sus computadoras sin sacrificar errores de configuraci\u00f3n por mal manejo y estar\u00e1 libre de la autoinstalacion de programas que van da\u00f1ando el sistema de sus equipos.<\/p>\n\n\n\n<p>Garantizamos que nuestra configuraci\u00f3n dejara su computadora libre de virus y del agobiante malware que inunda las paginas y programas que se instalan sin nuestra autorizaci\u00f3n, esta configuraci\u00f3n le garantiza la duraci\u00f3n de su equipo de computo en favor del uso continuo sin reparaciones, ni optimizaciones, siempre en favor de su econom\u00eda.<\/p>\n\n\n\n<p>Pongase en contacto con nosotros y solicite se le implemente esta configuraci\u00f3n a sus equipos de su hogar o de su oficina para asegurar la continuidad de sus tareas diarias.<\/p>\n","protected":false},"excerpt":{"rendered":"<p>Configuramos su computadora para el uso seguro y adecuado de los estudiantes, la preparamos con todas las herramientas necesarias para efectuar sus tareas diarias, con&#8230;<\/p>\n","protected":false},"author":1,"featured_media":209,"parent":0,"menu_order":0,"comment_status":"closed","ping_status":"closed","template":"","meta":{"footnotes":""},"_links":{"self":[{"href":"https:\/\/techbyte.xyz\/index.php\/wp-json\/wp\/v2\/pages\/208"}],"collection":[{"href":"https:\/\/techbyte.xyz\/index.php\/wp-json\/wp\/v2\/pages"}],"about":[{"href":"https:\/\/techbyte.xyz\/index.php\/wp-json\/wp\/v2\/types\/page"}],"author":[{"embeddable":true,"href":"https:\/\/techbyte.xyz\/index.php\/wp-json\/wp\/v2\/users\/1"}],"replies":[{"embeddable":true,"href":"https:\/\/techbyte.xyz\/index.php\/wp-json\/wp\/v2\/comments?post=208"}],"version-history":[{"count":6,"href":"https:\/\/techbyte.xyz\/index.php\/wp-json\/wp\/v2\/pages\/208\/revisions"}],"predecessor-version":[{"id":276,"href":"https:\/\/techbyte.xyz\/index.php\/wp-json\/wp\/v2\/pages\/208\/revisions\/276"}],"wp:featuredmedia":[{"embeddable":true,"href":"https:\/\/techbyte.xyz\/index.php\/wp-json\/wp\/v2\/media\/209"}],"wp:attachment":[{"href":"https:\/\/techbyte.xyz\/index.php\/wp-json\/wp\/v2\/media?parent=208"}],"curies":[{"name":"wp","href":"https:\/\/api.w.org\/{rel}","templated":true}]}}