{"id":2,"date":"2018-05-30T04:34:37","date_gmt":"2018-05-30T04:34:37","guid":{"rendered":"http:\/\/techbyte.xyz\/?page_id=2"},"modified":"2020-10-22T23:54:03","modified_gmt":"2020-10-23T04:54:03","slug":"nosotros","status":"publish","type":"page","link":"https:\/\/techbyte.xyz\/index.php\/nosotros\/","title":{"rendered":"Nosotros"},"content":{"rendered":"\n<div class=\"wp-block-group\"><div class=\"wp-block-group__inner-container is-layout-flow wp-block-group-is-layout-flow\">\n<figure class=\"wp-block-image size-large is-resized\"><img loading=\"lazy\" decoding=\"async\" src=\"https:\/\/techbyte.xyz\/wp-content\/uploads\/2018\/06\/Logo-Tech-byte-Web-ID.png\" alt=\"\" class=\"wp-image-27\" width=\"105\" height=\"104\"\/><\/figure>\n\n\n\n<p><span data-contrast=\"auto\">Somos una empresa dedicada a las tecnolog\u00edas de la&nbsp;<\/span><span data-contrast=\"auto\">informaci\u00f3n desde hace&nbsp;<\/span><span data-contrast=\"auto\">m\u00e1s<\/span><span data-contrast=\"auto\">&nbsp;de 15 a\u00f1os<\/span><span data-contrast=\"auto\">,<\/span><span data-contrast=\"auto\">&nbsp;que h<\/span><span data-contrast=\"auto\">emos crecido y nos hemos desarrollado<\/span><span data-contrast=\"auto\">&nbsp;<\/span><span data-contrast=\"auto\">junto con la evoluci\u00f3n<\/span><span data-contrast=\"auto\">&nbsp;de<\/span><span data-contrast=\"auto\">&nbsp;la<\/span><span data-contrast=\"auto\">&nbsp;tecnolog\u00eda que hoy nos inunda<\/span><span data-contrast=\"auto\">&nbsp;en todos los \u00e1mbitos de nuestra vida<\/span><span data-contrast=\"auto\">.<\/span><span data-ccp-props=\"{&quot;201341983&quot;:0,&quot;335551550&quot;:6,&quot;335551620&quot;:6,&quot;335559739&quot;:160,&quot;335559740&quot;:259}\">&nbsp;<\/span><\/p>\n\n\n\n<p><span data-contrast=\"auto\">Nos empe\u00f1amos en dar&nbsp;<\/span><span data-contrast=\"auto\">un servicio de excelencia en la optimizaci\u00f3n y desempe\u00f1o de los equipos que pasan por nuestro taller<\/span><span data-contrast=\"auto\">. La exper<\/span><span data-contrast=\"auto\">iencia<\/span><span data-contrast=\"auto\">&nbsp;acumulada<\/span><span data-contrast=\"auto\">&nbsp;durante estos a\u00f1os<\/span><span data-contrast=\"auto\">&nbsp;nos permite estar a la vanguardia&nbsp;<\/span><span data-contrast=\"auto\">del avance<\/span><span data-contrast=\"auto\">&nbsp;de la tecnolog\u00eda y&nbsp;<\/span><span data-contrast=\"auto\">el&nbsp;<\/span><span data-contrast=\"auto\">progreso<\/span><span data-contrast=\"auto\">&nbsp;del software y el hard<\/span><span data-contrast=\"auto\">ware<\/span><span data-contrast=\"auto\">&nbsp;de todas las \u00e1reas de la computaci\u00f3n.<\/span><span data-contrast=\"auto\">&nbsp;<\/span><span data-ccp-props=\"{&quot;201341983&quot;:0,&quot;335551550&quot;:6,&quot;335551620&quot;:6,&quot;335559739&quot;:160,&quot;335559740&quot;:259}\">&nbsp;<\/span><\/p>\n<\/div><\/div>\n\n\n\n<p><span data-contrast=\"auto\">Las computadoras son actualmente productos de primera necesidad en todos los \u00e1mbitos laborales, comerciales<\/span><span data-contrast=\"auto\">,<\/span><span data-contrast=\"auto\">&nbsp;<\/span><span data-contrast=\"auto\">dom\u00e9sticos y de entretenimiento<\/span><span data-contrast=\"auto\">. El mantener&nbsp;<\/span><span data-contrast=\"auto\">a los<\/span><span data-contrast=\"auto\">&nbsp;e<\/span><span data-contrast=\"auto\">quipos&nbsp;<\/span><span data-contrast=\"auto\">de&nbsp;<\/span><span data-contrast=\"auto\">c\u00f3mputo<\/span><span data-contrast=\"auto\">&nbsp;<\/span><span data-contrast=\"auto\">en&nbsp;<\/span><span data-contrast=\"auto\">\u00f3ptimas<\/span><span data-contrast=\"auto\">&nbsp;condiciones&nbsp;<\/span><span data-contrast=\"auto\">hace&nbsp;<\/span><span data-contrast=\"auto\">de la responsabilidad de nuestra labor&nbsp;<\/span><span data-contrast=\"auto\">un compromiso que asumimos&nbsp;<\/span><span data-contrast=\"auto\">con nuestros clientes<\/span><span data-contrast=\"auto\">&nbsp;y&nbsp;<\/span><span data-contrast=\"auto\">que llevamos a la practica de forma presencial o&nbsp;<\/span><span data-contrast=\"auto\">remota auxili\u00e1ndonos de&nbsp;<\/span><span data-contrast=\"auto\">todas las herramientas tecnol\u00f3gicas disponibles.<\/span><span data-ccp-props=\"{&quot;201341983&quot;:0,&quot;335551550&quot;:6,&quot;335551620&quot;:6,&quot;335559739&quot;:160,&quot;335559740&quot;:259}\">&nbsp;<\/span><\/p>\n\n\n\n<p><span data-contrast=\"auto\">MISI\u00d3N<\/span><span data-ccp-props=\"{&quot;201341983&quot;:0,&quot;335551550&quot;:6,&quot;335551620&quot;:6,&quot;335559739&quot;:160,&quot;335559740&quot;:259}\">&nbsp;<\/span><\/p>\n\n\n\n<p><span data-contrast=\"auto\">Nuestra misi\u00f3n es ofrecer nuestros servicios<\/span><span data-contrast=\"auto\">, soluciones y&nbsp;<\/span><span data-contrast=\"auto\">a<\/span><span data-contrast=\"auto\">sesor\u00edas<\/span><span data-contrast=\"auto\">&nbsp;<\/span><span data-contrast=\"auto\">para<\/span><span data-contrast=\"auto\">&nbsp;equipos de&nbsp;<\/span><span data-contrast=\"auto\">c\u00f3mputo<\/span><span data-contrast=\"auto\">&nbsp;<\/span><span data-contrast=\"auto\">y nuevas tecnolog\u00edas&nbsp;<\/span><span data-contrast=\"auto\">con integridad y profesionalismo<\/span><span data-contrast=\"auto\">&nbsp;para&nbsp;<\/span><span data-contrast=\"auto\">resolver y satisfacer&nbsp;<\/span><span data-contrast=\"auto\">las&nbsp;<\/span><span data-contrast=\"auto\">expectativas<\/span><span data-contrast=\"auto\">&nbsp;de nuestros clientes<\/span><span data-contrast=\"auto\">&nbsp;<\/span><span data-contrast=\"auto\">para con esto<\/span><span data-contrast=\"auto\">&nbsp;favorecer&nbsp;<\/span><span data-contrast=\"auto\">el&nbsp;<\/span><span data-contrast=\"auto\">adecuado<\/span><span data-contrast=\"auto\">&nbsp;<\/span><span data-contrast=\"auto\">funcionamiento de&nbsp;<\/span><span data-contrast=\"auto\">la cadena productiva<\/span><span data-contrast=\"auto\">, educativ<\/span><span data-contrast=\"auto\">a<\/span><span data-contrast=\"auto\">&nbsp;y&nbsp;<\/span><span data-contrast=\"auto\">empresarial que nos&nbsp;<\/span><span data-contrast=\"auto\">respaldan con su<\/span><span data-contrast=\"auto\">&nbsp;<\/span><span data-contrast=\"auto\">preferencia<\/span><span data-contrast=\"auto\">.<\/span><span data-ccp-props=\"{&quot;201341983&quot;:0,&quot;335551550&quot;:6,&quot;335551620&quot;:6,&quot;335559739&quot;:160,&quot;335559740&quot;:259}\">&nbsp;<\/span><\/p>\n\n\n\n<p><span data-contrast=\"auto\">VISI\u00d3N<\/span><span data-ccp-props=\"{&quot;201341983&quot;:0,&quot;335551550&quot;:6,&quot;335551620&quot;:6,&quot;335559739&quot;:160,&quot;335559740&quot;:259}\">&nbsp;<\/span><\/p>\n\n\n\n<p><span data-contrast=\"auto\">Con<\/span><span data-contrast=\"auto\">solidarnos como una&nbsp;<\/span><span data-contrast=\"auto\">opci\u00f3n sobresaliente&nbsp;<\/span><span data-contrast=\"auto\">y profesional&nbsp;<\/span><span data-contrast=\"auto\">para nuestra&nbsp;<\/span><span data-contrast=\"auto\">zona&nbsp;<\/span><span data-contrast=\"auto\">de influencia dentro de la ciudad de puebla<\/span><span data-contrast=\"auto\">, para&nbsp;<\/span><span data-contrast=\"auto\">mejorar la innovaci\u00f3n<\/span><span data-contrast=\"auto\">&nbsp;de<\/span><span data-contrast=\"auto\">&nbsp;nuestros servicios y productos&nbsp;<\/span><span data-contrast=\"auto\">para&nbsp;<\/span><span data-contrast=\"auto\">seguir cumpliendo con las necesidades&nbsp;<\/span><span data-contrast=\"auto\">que&nbsp;<\/span><span data-contrast=\"auto\">nuestros clientes<\/span><span data-contrast=\"auto\">&nbsp;y la actualidad nos&nbsp;<\/span><span data-contrast=\"auto\">exi<\/span><span data-contrast=\"auto\">ja<\/span><span data-contrast=\"auto\">n<\/span><span data-contrast=\"auto\">.<\/span><span data-ccp-props=\"{&quot;201341983&quot;:0,&quot;335551550&quot;:6,&quot;335551620&quot;:6,&quot;335559739&quot;:160,&quot;335559740&quot;:259}\">&nbsp;<\/span><\/p>\n\n\n\n<p><span data-contrast=\"auto\">OBJETIVO<\/span><span data-ccp-props=\"{&quot;201341983&quot;:0,&quot;335551550&quot;:6,&quot;335551620&quot;:6,&quot;335559739&quot;:160,&quot;335559740&quot;:259}\">&nbsp;<\/span><\/p>\n\n\n\n<p><span data-contrast=\"auto\">Nuestro&nbsp;<\/span><span data-contrast=\"auto\">principal objetivo es garantizar&nbsp;<\/span><span data-contrast=\"auto\">el 100% de&nbsp;<\/span><span data-contrast=\"auto\">satisfacci\u00f3n de nuestros clientes<\/span><span data-contrast=\"auto\">,<\/span><span data-contrast=\"auto\">&nbsp;<\/span><span data-contrast=\"auto\">en&nbsp;<\/span><span data-contrast=\"auto\">la&nbsp;<\/span><span data-contrast=\"auto\">resoluci\u00f3n de sus&nbsp;<\/span><span data-contrast=\"auto\">problemas&nbsp;<\/span><span data-contrast=\"auto\">tecnol\u00f3gicos de la mano de nuestr<\/span><span data-contrast=\"auto\">os conocimientos y herramientas&nbsp;<\/span><span data-contrast=\"auto\">disponibles<\/span><span data-contrast=\"auto\">&nbsp;<\/span><span data-contrast=\"auto\">para&nbsp;<\/span><span data-contrast=\"auto\">dar&nbsp;<\/span><span data-contrast=\"auto\">soluci<\/span><span data-contrast=\"auto\">ones<\/span><span data-contrast=\"auto\">&nbsp;que<\/span><span data-contrast=\"auto\">&nbsp;correspond<\/span><span data-contrast=\"auto\">an<\/span><span data-contrast=\"auto\">&nbsp;a la inversi\u00f3n<\/span><span data-contrast=\"auto\">&nbsp;d<\/span><span data-contrast=\"auto\">el consumidor<\/span><span data-contrast=\"auto\">.<\/span><span data-ccp-props=\"{&quot;201341983&quot;:0,&quot;335551550&quot;:6,&quot;335551620&quot;:6,&quot;335559739&quot;:160,&quot;335559740&quot;:259}\">&nbsp;<\/span><\/p>\n","protected":false},"excerpt":{"rendered":"<p>Somos una empresa dedicada a las tecnolog\u00edas de la&nbsp;informaci\u00f3n desde hace&nbsp;m\u00e1s&nbsp;de 15 a\u00f1os,&nbsp;que hemos crecido y nos hemos desarrollado&nbsp;junto con la evoluci\u00f3n&nbsp;de&nbsp;la&nbsp;tecnolog\u00eda que hoy nos&#8230;<\/p>\n","protected":false},"author":1,"featured_media":133,"parent":0,"menu_order":0,"comment_status":"closed","ping_status":"open","template":"","meta":{"footnotes":""},"_links":{"self":[{"href":"https:\/\/techbyte.xyz\/index.php\/wp-json\/wp\/v2\/pages\/2"}],"collection":[{"href":"https:\/\/techbyte.xyz\/index.php\/wp-json\/wp\/v2\/pages"}],"about":[{"href":"https:\/\/techbyte.xyz\/index.php\/wp-json\/wp\/v2\/types\/page"}],"author":[{"embeddable":true,"href":"https:\/\/techbyte.xyz\/index.php\/wp-json\/wp\/v2\/users\/1"}],"replies":[{"embeddable":true,"href":"https:\/\/techbyte.xyz\/index.php\/wp-json\/wp\/v2\/comments?post=2"}],"version-history":[{"count":5,"href":"https:\/\/techbyte.xyz\/index.php\/wp-json\/wp\/v2\/pages\/2\/revisions"}],"predecessor-version":[{"id":144,"href":"https:\/\/techbyte.xyz\/index.php\/wp-json\/wp\/v2\/pages\/2\/revisions\/144"}],"wp:featuredmedia":[{"embeddable":true,"href":"https:\/\/techbyte.xyz\/index.php\/wp-json\/wp\/v2\/media\/133"}],"wp:attachment":[{"href":"https:\/\/techbyte.xyz\/index.php\/wp-json\/wp\/v2\/media?parent=2"}],"curies":[{"name":"wp","href":"https:\/\/api.w.org\/{rel}","templated":true}]}}