{"id":189,"date":"2020-11-06T23:44:10","date_gmt":"2020-11-07T04:44:10","guid":{"rendered":"http:\/\/techbyte.xyz\/?page_id=189"},"modified":"2020-11-07T21:58:28","modified_gmt":"2020-11-08T02:58:28","slug":"optimizacion","status":"publish","type":"page","link":"https:\/\/techbyte.xyz\/index.php\/optimizacion\/","title":{"rendered":"Optimizaci\u00f3n"},"content":{"rendered":"\n<p><\/p>\n\n\n\n<p>Tu computadora esta lenta, no accede a internet, los programas tardan mucho en arrancar, etc. , ese equipo es candidato a una optimizacion.<\/p>\n\n\n\n<p>Durante este proceso, eliminaremos programas no deseados que se estan ejecutando y bajan el rendimiento de tu computadora, se analizara contra virus y malware que obtenemos durante la navegacion constante de internet, limpiaremos las unidades de disco duro de archivos inservibles o duplicados,  depuraremos y optimizaremos el sistema operativo para obtener su maximo rendimiento en favor de sus tareas cotidianas de su equipo de computo.<\/p>\n\n\n\n<p>Haga contacto con nosotros y dele nueva vida a computadora lenta para realizar tareas que el d\u00eda de hoy sin primordiales para la comunicaci\u00f3n y educaci\u00f3n de nuestro tiempo.<\/p>\n","protected":false},"excerpt":{"rendered":"<p>Tu computadora esta lenta, no accede a internet, los programas tardan mucho en arrancar, etc. , ese equipo es candidato a una optimizacion. Durante este&#8230;<\/p>\n","protected":false},"author":1,"featured_media":223,"parent":0,"menu_order":0,"comment_status":"closed","ping_status":"closed","template":"","meta":{"footnotes":""},"_links":{"self":[{"href":"https:\/\/techbyte.xyz\/index.php\/wp-json\/wp\/v2\/pages\/189"}],"collection":[{"href":"https:\/\/techbyte.xyz\/index.php\/wp-json\/wp\/v2\/pages"}],"about":[{"href":"https:\/\/techbyte.xyz\/index.php\/wp-json\/wp\/v2\/types\/page"}],"author":[{"embeddable":true,"href":"https:\/\/techbyte.xyz\/index.php\/wp-json\/wp\/v2\/users\/1"}],"replies":[{"embeddable":true,"href":"https:\/\/techbyte.xyz\/index.php\/wp-json\/wp\/v2\/comments?post=189"}],"version-history":[{"count":3,"href":"https:\/\/techbyte.xyz\/index.php\/wp-json\/wp\/v2\/pages\/189\/revisions"}],"predecessor-version":[{"id":224,"href":"https:\/\/techbyte.xyz\/index.php\/wp-json\/wp\/v2\/pages\/189\/revisions\/224"}],"wp:featuredmedia":[{"embeddable":true,"href":"https:\/\/techbyte.xyz\/index.php\/wp-json\/wp\/v2\/media\/223"}],"wp:attachment":[{"href":"https:\/\/techbyte.xyz\/index.php\/wp-json\/wp\/v2\/media?parent=189"}],"curies":[{"name":"wp","href":"https:\/\/api.w.org\/{rel}","templated":true}]}}