{"id":181,"date":"2020-11-06T21:58:59","date_gmt":"2020-11-07T02:58:59","guid":{"rendered":"http:\/\/techbyte.xyz\/?page_id=181"},"modified":"2021-03-10T14:34:38","modified_gmt":"2021-03-10T19:34:38","slug":"reparacion","status":"publish","type":"page","link":"https:\/\/techbyte.xyz\/index.php\/reparacion\/","title":{"rendered":"Reparaci\u00f3n"},"content":{"rendered":"\n<p>Nuestro principal objetivo es ofrecer a nuestros clientes las opciones adecuadas para encontrar la mejor soluci\u00f3n a sus conflictos inform\u00e1ticos, le brindamos una amplia gama de alternativas de software y hardware para el correcto funcionamiento de sus equipos.<\/p>\n\n\n\n<p>Nuestro servicio especializado de reparaci\u00f3n est\u00e1 capacitado para sustituir los componentes adecuados a cada tipo de equipo de c\u00f3mputo (desde memorias RAM, discos duros, pantallas, unidades \u00f3pticas hasta circuitos da\u00f1ados en placa madre), para que cada componente cumpla con los requerimientos de rendimiento y operaci\u00f3n de su computadora. Adem\u00e1s de que auxiliados de la microelectr\u00f3nica tenemos la capacidad de reparar los componentes que sean necesarios para prolongar su vida \u00fatil, siempre y cuando no se sacrifique el \u00f3ptimo rendimiento de su computadora.<\/p>\n\n\n\n<p>En cada intervenci\u00f3n de un equipo ponemos todo nuestro empe\u00f1o, responsabilidad y \u00e9tica para brindar a nuestros clientes la seguridad de que en nuestras manos sus equipos electr\u00f3nicos encontraran la mejor soluci\u00f3n a sus problemas.<\/p>\n","protected":false},"excerpt":{"rendered":"<p>Nuestro principal objetivo es ofrecer a nuestros clientes las opciones adecuadas para encontrar la mejor soluci\u00f3n a sus conflictos inform\u00e1ticos, le brindamos una amplia gama&#8230;<\/p>\n","protected":false},"author":1,"featured_media":183,"parent":0,"menu_order":0,"comment_status":"closed","ping_status":"closed","template":"","meta":{"footnotes":""},"_links":{"self":[{"href":"https:\/\/techbyte.xyz\/index.php\/wp-json\/wp\/v2\/pages\/181"}],"collection":[{"href":"https:\/\/techbyte.xyz\/index.php\/wp-json\/wp\/v2\/pages"}],"about":[{"href":"https:\/\/techbyte.xyz\/index.php\/wp-json\/wp\/v2\/types\/page"}],"author":[{"embeddable":true,"href":"https:\/\/techbyte.xyz\/index.php\/wp-json\/wp\/v2\/users\/1"}],"replies":[{"embeddable":true,"href":"https:\/\/techbyte.xyz\/index.php\/wp-json\/wp\/v2\/comments?post=181"}],"version-history":[{"count":3,"href":"https:\/\/techbyte.xyz\/index.php\/wp-json\/wp\/v2\/pages\/181\/revisions"}],"predecessor-version":[{"id":274,"href":"https:\/\/techbyte.xyz\/index.php\/wp-json\/wp\/v2\/pages\/181\/revisions\/274"}],"wp:featuredmedia":[{"embeddable":true,"href":"https:\/\/techbyte.xyz\/index.php\/wp-json\/wp\/v2\/media\/183"}],"wp:attachment":[{"href":"https:\/\/techbyte.xyz\/index.php\/wp-json\/wp\/v2\/media?parent=181"}],"curies":[{"name":"wp","href":"https:\/\/api.w.org\/{rel}","templated":true}]}}