{"id":173,"date":"2020-11-06T18:40:12","date_gmt":"2020-11-06T23:40:12","guid":{"rendered":"http:\/\/techbyte.xyz\/?page_id=173"},"modified":"2020-11-07T21:40:15","modified_gmt":"2020-11-08T02:40:15","slug":"diagnostico","status":"publish","type":"page","link":"https:\/\/techbyte.xyz\/index.php\/diagnostico\/","title":{"rendered":"Diagnostico"},"content":{"rendered":"\n<p><\/p>\n\n\n\n<p>Para TECH-BYTE tu satisfacci\u00f3n es lo mas importante y por eso realizamos un servicio de diagnostico completamente profesional, auxiliado de las mejores y mas avanzadas herramientas tecnol\u00f3gicas, garantizando que despu\u00e9s de nuestro an\u00e1lisis generaremos un informe de las condiciones generales de software y de hardware de la computadora, para con esto recomendar las mejores acciones a ejecutar para que su equipo de computo trabaje con un alto rendimiento de acuerdo a sus capacidades f\u00edsicas y tecnol\u00f3gicas.<\/p>\n\n\n\n<p>Tenga plena confianza en que si nos hace llegar su equipo le brindaremos la mejor opci\u00f3n para su duraci\u00f3n y rendimiento en sus tareas profesionales, de entretenimiento y del hogar.<\/p>\n\n\n\n<p class=\"has-drop-cap\"><\/p>\n","protected":false},"excerpt":{"rendered":"<p>Para TECH-BYTE tu satisfacci\u00f3n es lo mas importante y por eso realizamos un servicio de diagnostico completamente profesional, auxiliado de las mejores y mas avanzadas&#8230;<\/p>\n","protected":false},"author":1,"featured_media":221,"parent":0,"menu_order":0,"comment_status":"closed","ping_status":"closed","template":"","meta":{"footnotes":""},"_links":{"self":[{"href":"https:\/\/techbyte.xyz\/index.php\/wp-json\/wp\/v2\/pages\/173"}],"collection":[{"href":"https:\/\/techbyte.xyz\/index.php\/wp-json\/wp\/v2\/pages"}],"about":[{"href":"https:\/\/techbyte.xyz\/index.php\/wp-json\/wp\/v2\/types\/page"}],"author":[{"embeddable":true,"href":"https:\/\/techbyte.xyz\/index.php\/wp-json\/wp\/v2\/users\/1"}],"replies":[{"embeddable":true,"href":"https:\/\/techbyte.xyz\/index.php\/wp-json\/wp\/v2\/comments?post=173"}],"version-history":[{"count":4,"href":"https:\/\/techbyte.xyz\/index.php\/wp-json\/wp\/v2\/pages\/173\/revisions"}],"predecessor-version":[{"id":218,"href":"https:\/\/techbyte.xyz\/index.php\/wp-json\/wp\/v2\/pages\/173\/revisions\/218"}],"wp:featuredmedia":[{"embeddable":true,"href":"https:\/\/techbyte.xyz\/index.php\/wp-json\/wp\/v2\/media\/221"}],"wp:attachment":[{"href":"https:\/\/techbyte.xyz\/index.php\/wp-json\/wp\/v2\/media?parent=173"}],"curies":[{"name":"wp","href":"https:\/\/api.w.org\/{rel}","templated":true}]}}